{"id":814,"date":"2017-03-27T23:18:23","date_gmt":"2017-03-27T20:18:23","guid":{"rendered":"http:\/\/www.esfilm.com.tr\/?page_id=814"},"modified":"2017-10-04T12:12:21","modified_gmt":"2017-10-04T09:12:21","slug":"isimsizler","status":"publish","type":"page","link":"https:\/\/www.esfilm.com.tr\/en\/isimsizler\/","title":{"rendered":"(Turkish) \u0130S\u0130MS\u0130ZLER"},"content":{"rendered":"<p class=\"qtranxs-available-languages-message qtranxs-available-languages-message-en\">Sorry, this entry is only available in <a href=\"https:\/\/www.esfilm.com.tr\/tr\/wp-json\/wp\/v2\/pages\/814\" class=\"qtranxs-available-language-link qtranxs-available-language-link-tr\" title=\"Turkish\">Turkish<\/a>.<\/p>","protected":false},"excerpt":{"rendered":"<p>Sorry, this entry is only available in Turkish.<\/p>\n","protected":false},"author":6,"featured_media":821,"parent":0,"menu_order":0,"comment_status":"closed","ping_status":"closed","template":"template-isimsizler.php","meta":[],"acf":[],"_links":{"self":[{"href":"https:\/\/www.esfilm.com.tr\/en\/wp-json\/wp\/v2\/pages\/814"}],"collection":[{"href":"https:\/\/www.esfilm.com.tr\/en\/wp-json\/wp\/v2\/pages"}],"about":[{"href":"https:\/\/www.esfilm.com.tr\/en\/wp-json\/wp\/v2\/types\/page"}],"author":[{"embeddable":true,"href":"https:\/\/www.esfilm.com.tr\/en\/wp-json\/wp\/v2\/users\/6"}],"replies":[{"embeddable":true,"href":"https:\/\/www.esfilm.com.tr\/en\/wp-json\/wp\/v2\/comments?post=814"}],"version-history":[{"count":6,"href":"https:\/\/www.esfilm.com.tr\/en\/wp-json\/wp\/v2\/pages\/814\/revisions"}],"predecessor-version":[{"id":3217,"href":"https:\/\/www.esfilm.com.tr\/en\/wp-json\/wp\/v2\/pages\/814\/revisions\/3217"}],"wp:featuredmedia":[{"embeddable":true,"href":"https:\/\/www.esfilm.com.tr\/en\/wp-json\/wp\/v2\/media\/821"}],"wp:attachment":[{"href":"https:\/\/www.esfilm.com.tr\/en\/wp-json\/wp\/v2\/media?parent=814"}],"curies":[{"name":"wp","href":"https:\/\/api.w.org\/{rel}","templated":true}]}}