{"id":644,"date":"2016-11-03T23:23:31","date_gmt":"2016-11-03T21:23:31","guid":{"rendered":"http:\/\/demo.esfilm.com.tr\/?page_id=644"},"modified":"2016-11-10T17:45:52","modified_gmt":"2016-11-10T15:45:52","slug":"iletisim","status":"publish","type":"page","link":"https:\/\/www.esfilm.com.tr\/en\/iletisim\/","title":{"rendered":"CONTACT"},"content":{"rendered":"<p>[vc_row el_class=&#8221;col-xs-12 noColumn contactForm&#8221;][vc_column][vc_raw_html]JTNDcCUyMGNsYXNzJTNEJTIyY29udGFjdFRpdGxlJTIyJTNFQ09OVEFDVCUyMFVTJTNDJTJGcCUzRQ==[\/vc_raw_html]<div role=\"form\" class=\"wpcf7\" id=\"wpcf7-f653-o2\" lang=\"tr-TR\" dir=\"ltr\">\n<div class=\"screen-reader-response\"><p role=\"status\" aria-live=\"polite\" aria-atomic=\"true\"><\/p> <ul><\/ul><\/div>\n<form action=\"\/en\/wp-json\/wp\/v2\/pages\/644#wpcf7-f653-o2\" method=\"post\" class=\"wpcf7-form init\" novalidate=\"novalidate\" data-status=\"init\">\n<div style=\"display: none;\">\n<input type=\"hidden\" name=\"_wpcf7\" value=\"653\" \/>\n<input type=\"hidden\" name=\"_wpcf7_version\" value=\"5.6.1\" \/>\n<input type=\"hidden\" name=\"_wpcf7_locale\" value=\"tr_TR\" \/>\n<input type=\"hidden\" name=\"_wpcf7_unit_tag\" value=\"wpcf7-f653-o2\" \/>\n<input type=\"hidden\" name=\"_wpcf7_container_post\" value=\"0\" \/>\n<input type=\"hidden\" name=\"_wpcf7_posted_data_hash\" value=\"\" \/>\n<\/div>\n<div class=\"messages\"><\/div>\n<div class=\"controls\">\n<div class=\"col-sm-6 col-xs-12 formLeft\">\n<div class=\"form-group col-sm-12 noColumn\">\n                           <span class=\"wpcf7-form-control-wrap\" data-name=\"your-name\"><input type=\"text\" name=\"your-name\" value=\"\" size=\"40\" class=\"wpcf7-form-control wpcf7-text wpcf7-validates-as-required form-control\" aria-required=\"true\" aria-invalid=\"false\" placeholder=\"Name\" \/><\/span><\/p>\n<div class=\"help-block with-errors\"><\/div>\n<\/div>\n<div class=\"form-group col-sm-6 formLeft\">\n                            <span class=\"wpcf7-form-control-wrap\" data-name=\"tel-990\"><input type=\"tel\" name=\"tel-990\" value=\"\" size=\"40\" class=\"wpcf7-form-control wpcf7-text wpcf7-tel wpcf7-validates-as-required wpcf7-validates-as-tel form-control\" aria-required=\"true\" aria-invalid=\"false\" placeholder=\"Mobile Phone\" \/><\/span><\/p>\n<div class=\"help-block with-errors\"><\/div>\n<\/div>\n<div class=\"form-group col-sm-6 formRight\">\n                            <span class=\"wpcf7-form-control-wrap\" data-name=\"email\"><input type=\"email\" name=\"email\" value=\"\" size=\"40\" class=\"wpcf7-form-control wpcf7-text wpcf7-email wpcf7-validates-as-required wpcf7-validates-as-email form-control\" aria-required=\"true\" aria-invalid=\"false\" placeholder=\"E-Mail\" \/><\/span><\/p>\n<div class=\"help-block with-errors\"><\/div>\n<\/div>\n<div class=\"form-group col-sm-6 formLeft\">\n                            S\u0130ZE ULA\u015eAB\u0130LMEM\u0130Z \u0130\u00c7\u0130N\n                          <\/div>\n<div class=\"checkbox formRight col-sm-6\" style=\"margin-top:0\">\n<span class=\"wpcf7-form-control-wrap\" data-name=\"radio-283\"><span class=\"wpcf7-form-control wpcf7-radio\"><span class=\"wpcf7-list-item first\"><input type=\"radio\" name=\"radio-283\" value=\"Telefon\" checked=\"checked\" \/><span class=\"wpcf7-list-item-label\">Telefon<\/span><\/span><span class=\"wpcf7-list-item last\"><input type=\"radio\" name=\"radio-283\" value=\"Mail\" \/><span class=\"wpcf7-list-item-label\">Mail<\/span><\/span><\/span><\/span>\n                         <\/div>\n<\/div>\n<div class=\"col-sm-6 col-xs-12 formRight\">\n<div class=\"form-group col-xs-12 noColumn\">\n                            <span class=\"wpcf7-form-control-wrap\" data-name=\"company\"><input type=\"text\" name=\"company\" value=\"\" size=\"40\" class=\"wpcf7-form-control wpcf7-text wpcf7-validates-as-required form-control\" aria-required=\"true\" aria-invalid=\"false\" placeholder=\"Company\" \/><\/span><\/p>\n<div class=\"help-block with-errors\"><\/div>\n<\/div>\n<div class=\"form-group noColumn\">\n<p>                            <span class=\"wpcf7-form-control-wrap\" data-name=\"textarea-850\"><textarea name=\"textarea-850\" cols=\"20\" rows=\"5\" class=\"wpcf7-form-control wpcf7-textarea form-control\" aria-invalid=\"false\" placeholder=\"Type Your Message Here.\"><\/textarea><\/span><\/p>\n<div class=\"help-block with-errors\"><\/div>\n<\/div>\n<\/div>\n<div class=\"clearfix\"><\/div>\n<div class=\"col-sm-6 col-xs-12 formLeft\">\n<div class=\"form-group col-xs-6 formLeft formLine\">\n                            Levent mah. Alkaranfil sok. no:3, Besiktas, 34330, Istanbul\n                          <\/div>\n<div class=\"form-group col-xs-6 col-md-5 col-md-offset-1 formRight\" style=\"padding-left: 15px;\">\n                            T  +90 212 279 50 87<br> F  +90 212 319 76 00\n                          <\/div>\n<\/div>\n<div class=\"col-sm-6 col-xs-12 formRight\">\n<span class=\"wpcf7-form-control-wrap\" data-name=\"quiz-178\"><label><span class=\"wpcf7-quiz-label\">T\u00fcrkiye&#039;nin ba\u015fkenti?<\/span> <input type=\"text\" name=\"quiz-178\" size=\"40\" class=\"wpcf7-form-control wpcf7-quiz\" autocomplete=\"off\" aria-required=\"true\" aria-invalid=\"false\" \/><\/label><input type=\"hidden\" name=\"_wpcf7_quiz_answer_quiz-178\" value=\"f99dd59fb4e5c34e2f52dcba970e04e6\" \/><\/span><\/p>\n<p><input type=\"submit\" value=\"Send\" class=\"wpcf7-form-control has-spinner wpcf7-submit\" \/>\n                                <\/p><\/div>\n<\/div>\n<div class=\"wpcf7-response-output\" aria-hidden=\"true\"><\/div><\/form><\/div>[\/vc_column][\/vc_row]<\/p>","protected":false},"excerpt":{"rendered":"<p>[vc_row el_class=&#8221;col-xs-12 noColumn contactForm&#8221;][vc_column][vc_raw_html]JTNDcCUyMGNsYXNzJTNEJTIyY29udGFjdFRpdGxlJTIyJTNFQ09OVEFDVCUyMFVTJTNDJTJGcCUzRQ==[\/vc_raw_html][\/vc_column][\/vc_row]<\/p>\n","protected":false},"author":6,"featured_media":657,"parent":0,"menu_order":0,"comment_status":"closed","ping_status":"closed","template":"","meta":[],"acf":[],"_links":{"self":[{"href":"https:\/\/www.esfilm.com.tr\/en\/wp-json\/wp\/v2\/pages\/644"}],"collection":[{"href":"https:\/\/www.esfilm.com.tr\/en\/wp-json\/wp\/v2\/pages"}],"about":[{"href":"https:\/\/www.esfilm.com.tr\/en\/wp-json\/wp\/v2\/types\/page"}],"author":[{"embeddable":true,"href":"https:\/\/www.esfilm.com.tr\/en\/wp-json\/wp\/v2\/users\/6"}],"replies":[{"embeddable":true,"href":"https:\/\/www.esfilm.com.tr\/en\/wp-json\/wp\/v2\/comments?post=644"}],"version-history":[{"count":8,"href":"https:\/\/www.esfilm.com.tr\/en\/wp-json\/wp\/v2\/pages\/644\/revisions"}],"predecessor-version":[{"id":692,"href":"https:\/\/www.esfilm.com.tr\/en\/wp-json\/wp\/v2\/pages\/644\/revisions\/692"}],"wp:featuredmedia":[{"embeddable":true,"href":"https:\/\/www.esfilm.com.tr\/en\/wp-json\/wp\/v2\/media\/657"}],"wp:attachment":[{"href":"https:\/\/www.esfilm.com.tr\/en\/wp-json\/wp\/v2\/media?parent=644"}],"curies":[{"name":"wp","href":"https:\/\/api.w.org\/{rel}","templated":true}]}}