{"id":10,"date":"2016-10-27T15:51:53","date_gmt":"2016-10-27T12:51:53","guid":{"rendered":"http:\/\/demo.esfilm.com.tr\/?page_id=10"},"modified":"2019-01-30T14:01:28","modified_gmt":"2019-01-30T11:01:28","slug":"anasayfa","status":"publish","type":"page","link":"http:\/\/www.esfilm.com.tr\/en\/","title":{"rendered":"Anasayfa"},"content":{"rendered":"<p>[vc_row el_class=&#8221;col-xs-12 bigBox text-center&#8221;][vc_column][vc_column_text]<\/p>\n<h1 class=\"bigBoxTitle\">GE\u00c7M\u0130\u015eE YAPILAN B\u0130R SER\u00dcVEN<\/h1>\n<p class=\"bigBoxDesc\">Ele ald\u0131\u011f\u0131m\u0131z her projede tek bir amac\u0131m\u0131z var. \u0130z b\u0131rakabilmek. \u0130lk i\u015fimiz olan Filinta dizisi, tam da bu amac\u0131 ta\u015f\u0131maktad\u0131r. Bu dizi tarihin f\u0131s\u0131lt\u0131lar\u0131n\u0131 duyan, tarihimize ve adaletimize duyarl\u0131 insanlar\u0131n projesidir.<\/p>\n<p>[\/vc_column_text][vc_empty_space height=&#8221;15px&#8221;][\/vc_column][\/vc_row][vc_row el_class=&#8221;col-xs-12 noColumn photo&#8221; css=&#8221;.vc_custom_1477580151803{padding-top: 15px !important;padding-bottom: 30px !important;}&#8221;][vc_column width=&#8221;1\/3&#8243; offset=&#8221;vc_col-lg-6 vc_col-md-9 vc_col-xs-12&#8243; el_class=&#8221;CdRightPadding&#8221; css=&#8221;.vc_custom_1477591887513{padding-right: 15px !important;}&#8221;][vc_single_image image=&#8221;1034&#8243; img_size=&#8221;full&#8221; el_class=&#8221;img-responsive&#8221;][\/vc_column][vc_column width=&#8221;1\/3&#8243; offset=&#8221;vc_col-lg-2 vc_col-md-3 vc_col-xs-12&#8243;][vc_single_image image=&#8221;1035&#8243; img_size=&#8221;full&#8221; el_class=&#8221;img-responsive&#8221;][\/vc_column][vc_column width=&#8221;1\/3&#8243; offset=&#8221;vc_col-lg-4 vc_col-md-12 vc_col-xs-12&#8243; el_class=&#8221;bottomColumn&#8221;][vc_single_image image=&#8221;1036&#8243; img_size=&#8221;full&#8221; el_class=&#8221;rightColumn noColumn&#8221;][vc_column_text el_class=&#8221;noColumn smallBox text-center&#8221;]<\/p>\n<p class=\"smallBoxDesc\">T\u00fcrk dizi tarihinin ilk Osmanl\u0131 Polisiyesi olan<br \/>\nFilinta adalet, dostluk, karde\u015flik kavramlar\u0131n\u0131<br \/>\nortaya koymakla kalmam\u0131\u015f, d\u00fcnyan\u0131n en b\u00fcy\u00fck<br \/>\nimparatorluklar\u0131ndan olan<br \/>\nOsmanl\u0131 \u0130mparatorlu\u011fu\u2019nun, y\u00fczy\u0131llar boyunca<br \/>\ndirli\u011fini sa\u011flam\u0131\u015f Osmanl\u0131 Hukuk Sistemi\u2019ni gen\u00e7<br \/>\nku\u015faklarla tan\u0131\u015ft\u0131rm\u0131\u015ft\u0131r.<\/p>\n<p>[\/vc_column_text][\/vc_column][\/vc_row][vc_row][vc_column width=&#8221;1\/3&#8243; offset=&#8221;vc_col-lg-2 vc_col-md-2 vc_col-xs-4&#8243;][vc_single_image image=&#8221;1038&#8243; img_size=&#8221;full&#8221; el_class=&#8221;img-responsive&#8221;][\/vc_column][vc_column width=&#8221;1\/3&#8243; el_class=&#8221;CdLeftPadding&#8221; offset=&#8221;vc_col-lg-4 vc_col-md-4 vc_col-xs-8&#8243; css=&#8221;.vc_custom_1477591682933{padding-bottom: 15px !important;padding-left: 15px !important;}&#8221;][vc_single_image image=&#8221;1039&#8243; img_size=&#8221;full&#8221; el_class=&#8221;img-responsive bottomColumn&#8221;][vc_single_image image=&#8221;1040&#8243; img_size=&#8221;full&#8221; el_class=&#8221;img-responsive&#8221;][\/vc_column][vc_column width=&#8221;1\/3&#8243; el_class=&#8221;CdLeftPadding&#8221; offset=&#8221;vc_col-lg-6 vc_col-md-6 vc_col-xs-12&#8243;][vc_single_image image=&#8221;1041&#8243; img_size=&#8221;full&#8221; el_class=&#8221;img-responsive&#8221;][\/vc_column][\/vc_row]<\/p>","protected":false},"excerpt":{"rendered":"<p>[vc_row el_class=&#8221;col-xs-12 bigBox text-center&#8221;][vc_column][vc_column_text] GE\u00c7M\u0130\u015eE YAPILAN B\u0130R SER\u00dcVEN Ele ald\u0131\u011f\u0131m\u0131z her projede tek bir amac\u0131m\u0131z var. \u0130z b\u0131rakabilmek. \u0130lk i\u015fimiz olan Filinta dizisi, tam da bu amac\u0131 ta\u015f\u0131maktad\u0131r. Bu dizi tarihin f\u0131s\u0131lt\u0131lar\u0131n\u0131 duyan, tarihimize ve adaletimize duyarl\u0131 insanlar\u0131n projesidir. [\/vc_column_text][vc_empty_space height=&#8221;15px&#8221;][\/vc_column][\/vc_row][vc_row el_class=&#8221;col-xs-12 noColumn photo&#8221; css=&#8221;.vc_custom_1477580151803{padding-top: 15px !important;padding-bottom: 30px !important;}&#8221;][vc_column width=&#8221;1\/3&#8243; offset=&#8221;vc_col-lg-6 vc_col-md-9 vc_col-xs-12&#8243; el_class=&#8221;CdRightPadding&#8221; css=&#8221;.vc_custom_1477591887513{padding-right: [&hellip;]<\/p>\n","protected":false},"author":6,"featured_media":3310,"parent":0,"menu_order":0,"comment_status":"closed","ping_status":"closed","template":"template-home.php","meta":[],"acf":[],"_links":{"self":[{"href":"http:\/\/www.esfilm.com.tr\/en\/wp-json\/wp\/v2\/pages\/10"}],"collection":[{"href":"http:\/\/www.esfilm.com.tr\/en\/wp-json\/wp\/v2\/pages"}],"about":[{"href":"http:\/\/www.esfilm.com.tr\/en\/wp-json\/wp\/v2\/types\/page"}],"author":[{"embeddable":true,"href":"http:\/\/www.esfilm.com.tr\/en\/wp-json\/wp\/v2\/users\/6"}],"replies":[{"embeddable":true,"href":"http:\/\/www.esfilm.com.tr\/en\/wp-json\/wp\/v2\/comments?post=10"}],"version-history":[{"count":63,"href":"http:\/\/www.esfilm.com.tr\/en\/wp-json\/wp\/v2\/pages\/10\/revisions"}],"predecessor-version":[{"id":818,"href":"http:\/\/www.esfilm.com.tr\/en\/wp-json\/wp\/v2\/pages\/10\/revisions\/818"}],"wp:featuredmedia":[{"embeddable":true,"href":"http:\/\/www.esfilm.com.tr\/en\/wp-json\/wp\/v2\/media\/3310"}],"wp:attachment":[{"href":"http:\/\/www.esfilm.com.tr\/en\/wp-json\/wp\/v2\/media?parent=10"}],"curies":[{"name":"wp","href":"https:\/\/api.w.org\/{rel}","templated":true}]}}